{"id":8701,"date":"2017-09-18T13:01:28","date_gmt":"2017-09-18T11:01:28","guid":{"rendered":"http:\/\/www.dev.gw-base.com\/es\/?page_id=8701"},"modified":"2018-07-06T14:15:30","modified_gmt":"2018-07-06T12:15:30","slug":"empresa","status":"publish","type":"page","link":"https:\/\/www.ribeka.com\/es\/empresa\/","title":{"rendered":"Empresa"},"content":{"rendered":"\n<style type=\"text\/css\" data-created_by=\"avia_inline_auto\" id=\"style-css-av-188bkot-2f174cc29f7e8e6f9ed8639678ccbe25\">\n.flex_column.av-188bkot-2f174cc29f7e8e6f9ed8639678ccbe25{\nborder-radius:0px 0px 0px 0px;\npadding:0px 0px 0px 0px;\n}\n<\/style>\n<div  class='flex_column av-188bkot-2f174cc29f7e8e6f9ed8639678ccbe25 av_one_full  avia-builder-el-0  el_before_av_three_fifth  avia-builder-el-first  first flex_column_div av-zero-column-padding  '     ><style type=\"text\/css\" data-created_by=\"avia_inline_auto\" id=\"style-css-av-16zra25-b258a973ec7f999e87ebd3d8526bf15a\">\n#top .av-special-heading.av-16zra25-b258a973ec7f999e87ebd3d8526bf15a{\npadding-bottom:10px;\n}\nbody .av-special-heading.av-16zra25-b258a973ec7f999e87ebd3d8526bf15a .av-special-heading-tag .heading-char{\nfont-size:25px;\n}\n.av-special-heading.av-16zra25-b258a973ec7f999e87ebd3d8526bf15a .av-subheading{\nfont-size:15px;\n}\n<\/style>\n<div  class='av-special-heading av-16zra25-b258a973ec7f999e87ebd3d8526bf15a av-special-heading-h3  avia-builder-el-1  avia-builder-el-no-sibling '><h3 class='av-special-heading-tag '  itemprop=\"headline\"  >ribeka &#8211; Los expertos en manejo eficiente de recursos<\/h3><div class=\"special-heading-border\"><div class=\"special-heading-inner-border\"><\/div><\/div><\/div><\/div>\n\n<style type=\"text\/css\" data-created_by=\"avia_inline_auto\" id=\"style-css-av-14lxux9-273ecc96da511b0ed7edfbecc0f2cc37\">\n.flex_column.av-14lxux9-273ecc96da511b0ed7edfbecc0f2cc37{\nborder-radius:0px 0px 0px 0px;\npadding:0px 0px 0px 0px;\n}\n<\/style>\n<div  class='flex_column av-14lxux9-273ecc96da511b0ed7edfbecc0f2cc37 av_three_fifth  avia-builder-el-2  el_after_av_one_full  el_before_av_two_fifth  first flex_column_div av-zero-column-padding  column-top-margin'     ><section  class='av_textblock_section av-12keea5-c73d1be7c98f23c3a5b4d696489f4979 '   itemscope=\"itemscope\" itemtype=\"https:\/\/schema.org\/CreativeWork\" ><div class='avia_textblock'  itemprop=\"text\" ><p>La empresa RBK asesores geocient\u00edficos BDG, fue fundada en 1995. Un a\u00f1o despu\u00e9s de su fundaci\u00f3n, RBK fue premiada con una subvenci\u00f3n del Fondo de Fundadores Alemana para desarrollos innovadores en el sector de las aguas subterr\u00e1neas. La demanda de soluciones de software amigables para gesti\u00f3n y monitoreo de aguas subterr\u00e1neas, captura m\u00f3vil de datos y el an\u00e1lisis SIG se hizo tan fuerte, que ribeka Software GmbH fue fundada para solucionar estos aspectos espec\u00edficos. De ribeka Software GmbH naci\u00f3 en el 2012 ribeka GmbH.<\/p>\n<p>En los \u00faltimos a\u00f1os hemos ampliado\u00a0de forma continua\u00a0nuestras actividades a los mercados internacionales.<\/p>\n<p>Constriumos nuestra red de distriduci\u00f3n y encontramos distribuidores en China, India y el Medio Oriente.<\/p>\n<p>Todo esto nos anima a continuar en este camino de \u00e9xitos.<\/p>\n<\/div><\/section><\/div>\n\n<style type=\"text\/css\" data-created_by=\"avia_inline_auto\" id=\"style-css-av-3qpxrh-d91a45bc8da81992113d353e2e23c4ac\">\n.flex_column.av-3qpxrh-d91a45bc8da81992113d353e2e23c4ac{\nborder-radius:0px 0px 0px 0px;\npadding:0px 0px 0px 0px;\n}\n<\/style>\n<div  class='flex_column av-3qpxrh-d91a45bc8da81992113d353e2e23c4ac av_two_fifth  avia-builder-el-4  el_after_av_three_fifth  el_before_av_one_full  flex_column_div av-zero-column-padding  column-top-margin'     ><p>\n<style type=\"text\/css\" data-created_by=\"avia_inline_auto\" id=\"style-css-av-108cuj1-5fd8ee517f6a3f3a809b0cc8f2009ab2\">\n#top .hr.hr-invisible.av-108cuj1-5fd8ee517f6a3f3a809b0cc8f2009ab2{\nheight:25px;\n}\n<\/style>\n<div  class='hr av-108cuj1-5fd8ee517f6a3f3a809b0cc8f2009ab2 hr-invisible  avia-builder-el-5  el_before_av_image  avia-builder-el-first '><span class='hr-inner '><span class=\"hr-inner-style\"><\/span><\/span><\/div><br \/>\n\n<style type=\"text\/css\" data-created_by=\"avia_inline_auto\" id=\"style-css-av-y40fml-610ec4076dc733548d81d3355c983a35\">\n.avia-image-container.av-y40fml-610ec4076dc733548d81d3355c983a35 img.avia_image{\nbox-shadow:none;\n}\n.avia-image-container.av-y40fml-610ec4076dc733548d81d3355c983a35 .av-image-caption-overlay-center{\ncolor:#ffffff;\n}\n<\/style>\n<div  class='avia-image-container av-y40fml-610ec4076dc733548d81d3355c983a35 av-styling- av-img-linked avia-align-center  avia-builder-el-6  el_after_av_hr  el_before_av_textblock '   itemprop=\"image\" itemscope=\"itemscope\" itemtype=\"https:\/\/schema.org\/ImageObject\" ><div class=\"avia-image-container-inner\"><div class=\"avia-image-overlay-wrap\"><a href=\"https:\/\/www.ribeka.com\/wp-content\/uploads\/2016\/06\/ribeka-GmbH-Bornheim.jpg\" class='avia_image '  aria-label='ribeka GmbH, Bornheim'><img decoding=\"async\" fetchpriority=\"high\" class='wp-image-8703 avia-img-lazy-loading-not-8703 avia_image ' src=\"https:\/\/www.ribeka.com\/wp-content\/uploads\/2016\/06\/ribeka-GmbH-Bornheim-300x257.jpg\" alt='' title='ribeka GmbH, Bornheim'  height=\"257\" width=\"300\"  itemprop=\"thumbnailUrl\"  \/><\/a><\/div><\/div><\/div><br \/>\n<section  class='av_textblock_section av-jj9xwqs7-e1f0704ab47a29bef26518334f698ebf '   itemscope=\"itemscope\" itemtype=\"https:\/\/schema.org\/CreativeWork\" ><div class='avia_textblock'  itemprop=\"text\" >\n<style type=\"text\/css\" data-created_by=\"avia_inline_auto\" id=\"style-css-av-wctwwt-57ed3fb7cf7ea35e8b411a5fe08d9b70\">\n.av_font_icon.av-wctwwt-57ed3fb7cf7ea35e8b411a5fe08d9b70 .av-icon-char{\nfont-size:15px;\nline-height:15px;\n}\n<\/style>\n<span  class='av_font_icon av-wctwwt-57ed3fb7cf7ea35e8b411a5fe08d9b70 avia_animate_when_visible av-icon-style- avia-icon-pos-left avia-iconfont avia-font-entypo-fontello av-no-color avia-icon-animate'><span class='av-icon-char' data-av_icon='\ue835' data-av_iconfont='entypo-fontello' aria-hidden=\"true\" ><\/span><\/span>\n<p><a href=\"https:\/\/www.ribeka.com\/wp-content\/uploads\/2018\/07\/Broch\u00fcre-Ribeka-07_ESP_06.7.2018_web.pdf\" target=\"_blank\" rel=\"noopener\">ribeka company profile (PDF)<\/a><\/p>\n<\/div><\/section><\/p><\/div>\n<style type=\"text\/css\" data-created_by=\"avia_inline_auto\" id=\"style-css-av-u05uz1-5312040d09ac58305d0687e1b33a597c\">\n.flex_column.av-u05uz1-5312040d09ac58305d0687e1b33a597c{\nborder-radius:0px 0px 0px 0px;\npadding:0px 0px 0px 0px;\n}\n<\/style>\n<div  class='flex_column av-u05uz1-5312040d09ac58305d0687e1b33a597c av_one_full  avia-builder-el-9  el_after_av_two_fifth  el_before_av_one_full  first flex_column_div av-zero-column-padding  '     ><p>\n<style type=\"text\/css\" data-created_by=\"avia_inline_auto\" id=\"style-css-av-scsat9-adef191184b0debac3169141c3d172cb\">\n#top .hr.hr-invisible.av-scsat9-adef191184b0debac3169141c3d172cb{\nheight:30px;\n}\n<\/style>\n<div  class='hr av-scsat9-adef191184b0debac3169141c3d172cb hr-invisible  avia-builder-el-10  el_before_av_textblock  avia-builder-el-first '><span class='hr-inner '><span class=\"hr-inner-style\"><\/span><\/span><\/div><br \/>\n<section  class='av_textblock_section av-rnsy9p-f49398c01195a45ecfb55828be8af714 '   itemscope=\"itemscope\" itemtype=\"https:\/\/schema.org\/CreativeWork\" ><div class='avia_textblock'  itemprop=\"text\" >\n<style type=\"text\/css\" data-created_by=\"avia_inline_auto\" id=\"style-css-av-qf8fx9-38b3eb15614997d2a3608aa1a31381f7\">\n.av_font_icon.av-qf8fx9-38b3eb15614997d2a3608aa1a31381f7{\ncolor:#2d5c88;\nborder-color:#2d5c88;\n}\n.avia-svg-icon.av-qf8fx9-38b3eb15614997d2a3608aa1a31381f7 svg:first-child{\nstroke:#2d5c88;\nfill:#2d5c88;\n}\n.av_font_icon.av-qf8fx9-38b3eb15614997d2a3608aa1a31381f7 .av-icon-char{\nfont-size:20px;\nline-height:20px;\n}\n<\/style>\n<span  class='av_font_icon av-qf8fx9-38b3eb15614997d2a3608aa1a31381f7 avia_animate_when_visible av-icon-style- avia-icon-pos-center avia-iconfont avia-font-entypo-fontello avia-icon-animate'><span class='av-icon-char' data-av_icon='\ue8cd' data-av_iconfont='entypo-fontello' aria-hidden=\"true\" ><\/span><\/span>\n<h3 style=\"text-align: center;\">Manejo eficiente de agua subterr\u00e1nea<\/h3>\n<p>Un desaf\u00edo tan complejo como el manejo del agua subterr\u00e1nea y superficial y requiere un enfoque interdisciplinario e integral. Las condiciones geol\u00f3gicas, hidrogeol\u00f3gicas y meteorol\u00f3gicas, suministro de agua potable, la agricultura, la industria, el uso de materias primas y los sitios contaminados interact\u00faan unos con otros e influencian fuertemente en la ocurrencia y calidad de los recursos h\u00eddricos.De estos factores resultan un conjunto de datos de alta complejidad, cuya gesti\u00f3n y evaluaci\u00f3n estructurada es un requisito previo fundamental para la toma de decisiones y\u00a0acciones posteriores espec\u00edficas. Ribeka se especializa en el desarrollo de soluciones especializadas en este tema. Nuestra experiencia multidisciplinar permite una gesti\u00f3n de recursos h\u00eddricos con visi\u00f3n al futuro\u00a0y encuentra soluciones eficientes y\u00a0amigables para el cliente para las tareas m\u00e1s complejas de manejo hidrogeol\u00f3gico y manejo econ\u00f3mico del agua.<\/p>\n<p>A nivel mundial, utilidades de agua, gobiernos e industrias nos conf\u00edan\u00a0sus aguas subterr\u00e1neas o trabajan con el sistema de soluciones ribeka completo y modular.<\/p>\n\n<style type=\"text\/css\" data-created_by=\"avia_inline_auto\" id=\"style-css-av-opppzh-cce18c3000175801c081462610f5b80f\">\n.av_font_icon.av-opppzh-cce18c3000175801c081462610f5b80f{\ncolor:#2d5c88;\nborder-color:#2d5c88;\n}\n.avia-svg-icon.av-opppzh-cce18c3000175801c081462610f5b80f svg:first-child{\nstroke:#2d5c88;\nfill:#2d5c88;\n}\n.av_font_icon.av-opppzh-cce18c3000175801c081462610f5b80f .av-icon-char{\nfont-size:20px;\nline-height:20px;\n}\n<\/style>\n<span  class='av_font_icon av-opppzh-cce18c3000175801c081462610f5b80f avia_animate_when_visible av-icon-style- avia-icon-pos-center avia-iconfont avia-font-entypo-fontello avia-icon-animate'><span class='av-icon-char' data-av_icon='\ue8cd' data-av_iconfont='entypo-fontello' aria-hidden=\"true\" ><\/span><\/span>\n<h3 style=\"text-align: center;\">Aguas subterr\u00e1neas son cuesti\u00f3n de confianza<\/h3>\n<p>El agua es nuestro recurso m\u00e1s importante, el significado econ\u00f3mico, ambiental y geopol\u00edtico se incrementar\u00e1 fuertemente en el futuro. Si el suministro de agua es sostenible y si el agua subterr\u00e1nea puede desarrollar su potencial y beneficios para la poblaci\u00f3n, depende de muchos factores. El ciclo del agua es un sistema sensible que responde r\u00e1pidamente a cambios e intervenciones. El uso de aguas subterr\u00e1neas requiere sobre todo un manejo prudente, proactivo y sostenible.<\/p>\n<p>Sabemos c\u00f3mo trabajar con aguas subterr\u00e1neas y aguas superficiales y tenemos experiencia pr\u00e1ctica en requerimientos del trabajo con agua a corto ylargo plazo. Con base en nuestros varios a\u00f1os en consultor\u00e1s en manejo de agua, hemos establecido tempranamente el uso de aplicaciones inform\u00e1ticas innovadoras, sistemas SIG y t\u00e9cnicas de medici\u00f3n para la soluci\u00f3n de tareas hidrogeol\u00f3gicas.<\/p>\n<p>Seguimos este enfoque hol\u00edstico con constancia y \u00e9xito.<\/p>\n\n<style type=\"text\/css\" data-created_by=\"avia_inline_auto\" id=\"style-css-av-n3hqql-957ff2044543c1170f6f2e96edbaee52\">\n.av_font_icon.av-n3hqql-957ff2044543c1170f6f2e96edbaee52{\ncolor:#2d5c88;\nborder-color:#2d5c88;\n}\n.avia-svg-icon.av-n3hqql-957ff2044543c1170f6f2e96edbaee52 svg:first-child{\nstroke:#2d5c88;\nfill:#2d5c88;\n}\n.av_font_icon.av-n3hqql-957ff2044543c1170f6f2e96edbaee52 .av-icon-char{\nfont-size:20px;\nline-height:20px;\n}\n<\/style>\n<span  class='av_font_icon av-n3hqql-957ff2044543c1170f6f2e96edbaee52 avia_animate_when_visible av-icon-style- avia-icon-pos-center avia-iconfont avia-font-entypo-fontello avia-icon-animate'><span class='av-icon-char' data-av_icon='\ue8cd' data-av_iconfont='entypo-fontello' aria-hidden=\"true\" ><\/span><\/span>\n<h3 style=\"text-align: center;\">Nuestras soluciones<\/h3>\n<p>Nuestras soluciones cubren toda el \u00e1rea de manejo de recursos h\u00eddricos y pueden ser divididos en las siguientes areas:<\/p>\n<ul>\n<li>Soluciones para SIG y bancos de datos para el manejo de recursos (p.e. GW-Base<sup>\u00ae<\/sup>)<\/li>\n<li>Soluciones en l\u00ednea para el control de datos (p.e. GW-Web<sup>\u00ae<\/sup>)<\/li>\n<li>Adquisici\u00f3n de todas las \u00e1reas de monitoreo<\/li>\n<li>Desarrollo de conceptos de medidas para el manejo y gesti\u00f3n de recursos<\/li>\n<li>Creci\u00f3n de informes y modelos hidrogeol\u00f3gicos<\/li>\n<li>Manejo de autoridades y proyectos<\/li>\n<li>Puesta en marcha de instrumentos de medici\u00f3n y software relacionados<\/li>\n<li>Capacitaci\u00f3n para Software y Hardware<\/li>\n<li>Apoyo con el manejo de Software y Hardware<\/li>\n<\/ul>\n<p>Desde nuestro systema de soluciones, construimos junto con nuestros clientes las bases de construcci\u00f3n que cumplen con sus requisitos a la perfecci\u00f3n. Nuestros socios pueden confiar\u00a0siempre en nuestra experiencia global.<\/p>\n<p>Nuestro equipo de expertos esta compuesto por expertos hidroge\u00f3logos, ge\u00f3logos, geof\u00edsicos, ingenieros, profesionales de SIG, y los profesionales de IT que desarrollan continuamente soluciones y las aplican para usted.<\/p>\n\n<style type=\"text\/css\" data-created_by=\"avia_inline_auto\" id=\"style-css-av-lbupvx-8ce8800cc6e6e137f730775f9a728727\">\n.av_font_icon.av-lbupvx-8ce8800cc6e6e137f730775f9a728727{\ncolor:#2d5c88;\nborder-color:#2d5c88;\n}\n.avia-svg-icon.av-lbupvx-8ce8800cc6e6e137f730775f9a728727 svg:first-child{\nstroke:#2d5c88;\nfill:#2d5c88;\n}\n.av_font_icon.av-lbupvx-8ce8800cc6e6e137f730775f9a728727 .av-icon-char{\nfont-size:20px;\nline-height:20px;\n}\n<\/style>\n<span  class='av_font_icon av-lbupvx-8ce8800cc6e6e137f730775f9a728727 avia_animate_when_visible av-icon-style- avia-icon-pos-center avia-iconfont avia-font-entypo-fontello avia-icon-animate'><span class='av-icon-char' data-av_icon='\ue8cd' data-av_iconfont='entypo-fontello' aria-hidden=\"true\" ><\/span><\/span>\n<h4><\/h4>\n<h3 style=\"text-align: center;\">Sus ventajas<\/h3>\n<p>Nuestras soluciones de software se utilizan en todo el mundo y se encuentran entre los sistemas de manejo de aguas subterr\u00e1neas m\u00e1s eficiente y completo. Para\u00a0grandes conjuntos de datos,\u00a0permite tambi\u00e9n entender el desarrollo din\u00e1mico de la presencia de agua subterr\u00e1nea en tiempo y espacio.<\/p>\n<p>Nuestra larga experiencia en el campo de hidrogeolog\u00eda y manejo de agua, as\u00ed como nuestro enfoque hol\u00edstico en la gesti\u00f3n de los recursos h\u00eddricos significa para nuestros clientes:<\/p>\n<ul>\n<li>Soluciones profesionales de software, con lo cual puede ahorrar mucho tiempo en la colecta, manejo y an\u00e1lisis de datos y obtener al mismo tiempo alta calidad y seguridad en los datos.<\/li>\n<li>Con nuestras soluciones estar\u00e1 preparado para el futuro: Estamos en contacto con mas de 1.000 usuarios mundialmente, los cuales usan las \u00faltimas opciones tecnol\u00f3gicas disponibles en la actualidad, y personalizan nuestras soluciones con desarrollos y resultados de investigaci\u00f3n actuales.<\/li>\n<li>Gracias a la s\u00f3lida formaci\u00f3n cient\u00edfica de nuestro equipo interdisciplinario de expertos, somos capaces de proporcionar servicios de consultor\u00eda en el \u00e1mbito del manejo de recursos h\u00eddricos especializado en cada proyecto.<\/li>\n<li>Somos una empresa muy flexible, que est\u00e1 siempre dispuesta a asumir las necesidades especiales de nuestros clientes y desarrollar con ellos\u00a0nuevas soluciones. Nuestros productos crecen junto con sus necesidades.<\/li>\n<li>Estamos en busca de un contacto estrecho con nuestros clientes y estamos constantemente en exposiciones, conferencias y reuniones nacionales e internacionales.<\/li>\n<\/ul>\n<\/div><\/section><\/p><\/div><\/p>\n\n<style type=\"text\/css\" data-created_by=\"avia_inline_auto\" id=\"style-css-av-jbvua5-db2fab1faec6a26836dd3812d7711a54\">\n.flex_column.av-jbvua5-db2fab1faec6a26836dd3812d7711a54{\nborder-radius:0px 0px 0px 0px;\npadding:0px 0px 0px 0px;\n}\n<\/style>\n<div  class='flex_column av-jbvua5-db2fab1faec6a26836dd3812d7711a54 av_one_full  avia-builder-el-16  el_after_av_one_full  el_before_av_two_fifth  first flex_column_div av-zero-column-padding  column-top-margin'     ><style type=\"text\/css\" data-created_by=\"avia_inline_auto\" id=\"style-css-av-hbcdxp-977f9ae47665f0d6eda0698442acd28a\">\n#top .av-special-heading.av-hbcdxp-977f9ae47665f0d6eda0698442acd28a{\npadding-bottom:10px;\n}\nbody .av-special-heading.av-hbcdxp-977f9ae47665f0d6eda0698442acd28a .av-special-heading-tag .heading-char{\nfont-size:25px;\n}\n.av-special-heading.av-hbcdxp-977f9ae47665f0d6eda0698442acd28a .av-subheading{\nfont-size:15px;\n}\n<\/style>\n<div  class='av-special-heading av-hbcdxp-977f9ae47665f0d6eda0698442acd28a av-special-heading-h3  avia-builder-el-17  avia-builder-el-no-sibling '><h3 class='av-special-heading-tag '  itemprop=\"headline\"  >Desea obtener m\u00e1s informaci\u00f3n?<\/h3><div class=\"special-heading-border\"><div class=\"special-heading-inner-border\"><\/div><\/div><\/div><\/div>\n\n<style type=\"text\/css\" data-created_by=\"avia_inline_auto\" id=\"style-css-av-f7gwlp-9ed4a9a81a40fd2174143808bee021b6\">\n.flex_column.av-f7gwlp-9ed4a9a81a40fd2174143808bee021b6{\nborder-radius:0px 0px 0px 0px;\npadding:0px 0px 0px 0px;\n}\n<\/style>\n<div  class='flex_column av-f7gwlp-9ed4a9a81a40fd2174143808bee021b6 av_two_fifth  avia-builder-el-18  el_after_av_one_full  el_before_av_three_fifth  first flex_column_div av-zero-column-padding  column-top-margin'     ><p>\n<style type=\"text\/css\" data-created_by=\"avia_inline_auto\" id=\"style-css-av-e8e9ct-dd9aa02650f7f0e3c647ec745a5d1ced\">\n#top .avia-icon-list-container.av-e8e9ct-dd9aa02650f7f0e3c647ec745a5d1ced .iconlist_icon{\nfont-size:15px;\n}\n#top .avia-icon-list-container.av-e8e9ct-dd9aa02650f7f0e3c647ec745a5d1ced .iconlist_icon svg:first-child{\nheight:15px;\nwidth:15px;\n}\n#top #wrap_all .avia-icon-list-container.av-e8e9ct-dd9aa02650f7f0e3c647ec745a5d1ced .av_iconlist_title{\nfont-size:15px;\n}\n.avia-icon-list-container.av-e8e9ct-dd9aa02650f7f0e3c647ec745a5d1ced .iconlist_content{\nfont-size:14px;\n}\n<\/style>\n<div  class='avia-icon-list-container av-e8e9ct-dd9aa02650f7f0e3c647ec745a5d1ced  avia-builder-el-19  el_before_av_textblock  avia-builder-el-first '><ul class='avia-icon-list avia_animate_when_almost_visible avia-icon-list-left av-iconlist-small av-e8e9ct-dd9aa02650f7f0e3c647ec745a5d1ced avia-iconlist-animate'>\n<li><div class='iconlist_icon av-d34x4t-6ecb0a52d8f0a929b6c0a6feb242c9f6 avia-font-entypo-fontello avia-iconfont avia-font-entypo-fontello'><span class='av-icon-char' data-av_icon='\ue842' data-av_iconfont='entypo-fontello' aria-hidden=\"true\"><\/span><\/div><article class=\"article-icon-entry \"  itemscope=\"itemscope\" itemtype=\"https:\/\/schema.org\/CreativeWork\" ><div class=\"iconlist_content_wrap\"><header class=\"entry-content-header\" aria-label=\"Icon: ribeka GmbH\"><div class='av_iconlist_title iconlist_title_small  '  itemprop=\"headline\" >ribeka GmbH<\/div><\/header><div class='iconlist_content '  itemprop=\"text\" ><p>Johann-Philipp-Reis-Str. 9<br \/>\n53332 Bornheim<br \/>\nGermany<\/p>\n<\/div><\/div><footer class=\"entry-footer\"><\/footer><\/article><div class=\"iconlist-timeline\"><\/div><\/li>\n<li><div class='iconlist_icon av-aa08bh-c3b080a88213857bd37d956ec3aaf8ba avia-font-entypo-fontello avia-iconfont avia-font-entypo-fontello'><span class='av-icon-char' data-av_icon='\ue854' data-av_iconfont='entypo-fontello' aria-hidden=\"true\"><\/span><\/div><article class=\"article-icon-entry av-iconlist-empty\"  itemscope=\"itemscope\" itemtype=\"https:\/\/schema.org\/CreativeWork\" ><div class=\"iconlist_content_wrap\"><header class=\"entry-content-header\" aria-label=\"Icon: +49 (0)2222 990600\"><div class='av_iconlist_title iconlist_title_small  '  itemprop=\"headline\" >+49 (0)2222 990600<\/div><\/header><div class='iconlist_content '  itemprop=\"text\" ><\/div><\/div><footer class=\"entry-footer\"><\/footer><\/article><div class=\"iconlist-timeline\"><\/div><\/li>\n<li><div class='iconlist_icon av-97mmnx-84f136c7551c8d9f75d4ac554465dfb1 avia-font-entypo-fontello avia-iconfont avia-font-entypo-fontello'><span class='av-icon-char' data-av_icon='\ue805' data-av_iconfont='entypo-fontello' aria-hidden=\"true\"><\/span><\/div><article class=\"article-icon-entry av-iconlist-empty\"  itemscope=\"itemscope\" itemtype=\"https:\/\/schema.org\/CreativeWork\" ><div class=\"iconlist_content_wrap\"><header class=\"entry-content-header\" aria-label=\"Icon: info@ribeka.com\"><div class='av_iconlist_title iconlist_title_small  '  itemprop=\"headline\" >info@ribeka.com<\/div><\/header><div class='iconlist_content '  itemprop=\"text\" ><\/div><\/div><footer class=\"entry-footer\"><\/footer><\/article><div class=\"iconlist-timeline\"><\/div><\/li>\n<\/ul><\/div><br \/>\n<section  class='av_textblock_section av-7l5v25-acc1cd53d194948a9a8d4e8c00bdca89 '   itemscope=\"itemscope\" itemtype=\"https:\/\/schema.org\/CreativeWork\" ><div class='avia_textblock'  itemprop=\"text\" ><p>Ll\u00e1menos. con gusto lo atenderemos!<\/p>\n<\/div><\/section><\/p><\/div>\n\n<style type=\"text\/css\" data-created_by=\"avia_inline_auto\" id=\"style-css-av-63azod-08ac7eed9721506f3c5d03ad52221414\">\n.flex_column.av-63azod-08ac7eed9721506f3c5d03ad52221414{\nborder-radius:0px 0px 0px 0px;\npadding:0px 0px 0px 0px;\n}\n<\/style>\n<div  class='flex_column av-63azod-08ac7eed9721506f3c5d03ad52221414 av_three_fifth  avia-builder-el-21  el_after_av_two_fifth  avia-builder-el-last  flex_column_div av-zero-column-padding  column-top-margin'     ><\/div>\n","protected":false},"excerpt":{"rendered":"","protected":false},"author":3,"featured_media":0,"parent":0,"menu_order":4,"comment_status":"closed","ping_status":"closed","template":"","meta":{"footnotes":""},"class_list":["post-8701","page","type-page","status-publish","hentry"],"_links":{"self":[{"href":"https:\/\/www.ribeka.com\/es\/wp-json\/wp\/v2\/pages\/8701","targetHints":{"allow":["GET"]}}],"collection":[{"href":"https:\/\/www.ribeka.com\/es\/wp-json\/wp\/v2\/pages"}],"about":[{"href":"https:\/\/www.ribeka.com\/es\/wp-json\/wp\/v2\/types\/page"}],"author":[{"embeddable":true,"href":"https:\/\/www.ribeka.com\/es\/wp-json\/wp\/v2\/users\/3"}],"replies":[{"embeddable":true,"href":"https:\/\/www.ribeka.com\/es\/wp-json\/wp\/v2\/comments?post=8701"}],"version-history":[{"count":7,"href":"https:\/\/www.ribeka.com\/es\/wp-json\/wp\/v2\/pages\/8701\/revisions"}],"predecessor-version":[{"id":10995,"href":"https:\/\/www.ribeka.com\/es\/wp-json\/wp\/v2\/pages\/8701\/revisions\/10995"}],"wp:attachment":[{"href":"https:\/\/www.ribeka.com\/es\/wp-json\/wp\/v2\/media?parent=8701"}],"curies":[{"name":"wp","href":"https:\/\/api.w.org\/{rel}","templated":true}]}}