{"id":8693,"date":"2017-09-18T12:55:57","date_gmt":"2017-09-18T10:55:57","guid":{"rendered":"http:\/\/www.dev.gw-base.com\/es\/?page_id=8693"},"modified":"2023-08-23T12:09:58","modified_gmt":"2023-08-23T10:09:58","slug":"software-de-prueba","status":"publish","type":"page","link":"https:\/\/www.ribeka.com\/es\/software-de-prueba\/","title":{"rendered":"Software de prueba"},"content":{"rendered":"<div id='layer_slider_1'  class='avia-layerslider main_color avia-shadow  avia-builder-el-0  el_before_av_one_full  avia-builder-el-first  container_wrap sidebar_right'  style='height: 301px; max-width: 1260px; margin: 0 auto;'  ><\/div><div id='after_layer_slider_1'  class='main_color av_default_container_wrap container_wrap sidebar_right'  ><div class='container av-section-cont-open' ><div class='template-page content  av-content-small alpha units'><div class='post-entry post-entry-type-page post-entry-8693'><div class='entry-content-wrapper clearfix'>\n\n<style type=\"text\/css\" data-created_by=\"avia_inline_auto\" id=\"style-css-av-tcbvmd-67e1416cb98c3a8c23847a805d89e20a\">\n.flex_column.av-tcbvmd-67e1416cb98c3a8c23847a805d89e20a{\nborder-radius:0px 0px 0px 0px;\npadding:0px 0px 0px 0px;\n}\n<\/style>\n<div  class='flex_column av-tcbvmd-67e1416cb98c3a8c23847a805d89e20a av_one_full  avia-builder-el-1  el_after_av_layerslider  el_before_av_one_full  avia-builder-el-first  first flex_column_div av-zero-column-padding  '     ><p>\n<style type=\"text\/css\" data-created_by=\"avia_inline_auto\" id=\"style-css-av-quaa39-e550f8195f09b3740a1f1b7bff44ed87\">\n#top .av-special-heading.av-quaa39-e550f8195f09b3740a1f1b7bff44ed87{\npadding-bottom:10px;\n}\nbody .av-special-heading.av-quaa39-e550f8195f09b3740a1f1b7bff44ed87 .av-special-heading-tag .heading-char{\nfont-size:25px;\n}\n.av-special-heading.av-quaa39-e550f8195f09b3740a1f1b7bff44ed87 .av-subheading{\nfont-size:15px;\n}\n<\/style>\n<div  class='av-special-heading av-quaa39-e550f8195f09b3740a1f1b7bff44ed87 av-special-heading-h1  avia-builder-el-2  el_before_av_hr  avia-builder-el-first '><h1 class='av-special-heading-tag '  itemprop=\"headline\"  >Software de prueba<\/h1><div class=\"special-heading-border\"><div class=\"special-heading-inner-border\"><\/div><\/div><\/div><br \/>\n\n<style type=\"text\/css\" data-created_by=\"avia_inline_auto\" id=\"style-css-av-ozz0qd-e13d27ea50c57cf0026eeb846892989f\">\n#top .hr.hr-invisible.av-ozz0qd-e13d27ea50c57cf0026eeb846892989f{\nheight:15px;\n}\n<\/style>\n<div  class='hr av-ozz0qd-e13d27ea50c57cf0026eeb846892989f hr-invisible  avia-builder-el-3  el_after_av_heading  avia-builder-el-last '><span class='hr-inner '><span class=\"hr-inner-style\"><\/span><\/span><\/div><\/p><\/div>\n<div class='flex_column_table av-ndzeet-44293be34324b4d7f87966e60b614704 sc-av_one_full av-equal-height-column-flextable'>\n<style type=\"text\/css\" data-created_by=\"avia_inline_auto\" id=\"style-css-av-ndzeet-44293be34324b4d7f87966e60b614704\">\n#top .flex_column_table.av-equal-height-column-flextable.av-ndzeet-44293be34324b4d7f87966e60b614704{\nmargin-top:20px;\nmargin-bottom:20px;\n}\n.flex_column.av-ndzeet-44293be34324b4d7f87966e60b614704{\nborder-width:2px;\nborder-color:#d8d8d8;\nborder-style:solid;\nborder-radius:5px 5px 5px 5px;\npadding:15px 15px 15px 15px;\nbackground-color:#f7f7f7;\n}\n<\/style>\n<div  class='flex_column av-ndzeet-44293be34324b4d7f87966e60b614704 av_one_full  avia-builder-el-4  el_after_av_one_full  el_before_av_one_full  first flex_column_table_cell av-equal-height-column av-align-middle  column-top-margin'     ><section  class='av_textblock_section av-2and6t-2ef2b201bbbd323989609a764267e351 '   itemscope=\"itemscope\" itemtype=\"https:\/\/schema.org\/CreativeWork\" ><div class='avia_textblock'  itemprop=\"text\" ><h4 style=\"text-align: left;\"><img loading=\"lazy\" decoding=\"async\" class=\" wp-image-9180 alignnone\" src=\"http:\/\/www.ribeka.com\/wp-content\/uploads\/2016\/10\/GW_Base-Logo-RGB-3.png\" alt=\"\" width=\"200\" height=\"48\" \/><\/h4>\n<p>Para probar GW-Base durante 30 d\u00edas sin cargo, por favor complete el formulario de contacto. Recibir\u00e1 inmediatamente un correo electr\u00f3nico con un enlace de descarga de la versi\u00f3n de prueba actual GW-Base 9.<\/p>\n<\/div><\/section><br \/>\n<div  class='avia-button-wrap av-kjvcg5-6518d37c1a46dd650bf3d9c88ac1d090-wrap avia-button-center  avia-builder-el-6  el_after_av_textblock  el_before_av_hr '>\n<style type=\"text\/css\" data-created_by=\"avia_inline_auto\" id=\"style-css-av-kjvcg5-6518d37c1a46dd650bf3d9c88ac1d090\">\n#top #wrap_all .avia-button.av-kjvcg5-6518d37c1a46dd650bf3d9c88ac1d090{\nbackground-color:#f0ad4e;\nborder-color:#f0ad4e;\ncolor:#ffffff;\ntransition:all 0.4s ease-in-out;\n}\n#top #wrap_all .avia-button.av-kjvcg5-6518d37c1a46dd650bf3d9c88ac1d090 .avia-svg-icon svg:first-child{\nfill:#ffffff;\nstroke:#ffffff;\n}\n<\/style>\n<a href='https:\/\/www.ribeka.com\/es\/formulario-de-contacto-software-de-prueba-gw-base\/'  class='avia-button av-kjvcg5-6518d37c1a46dd650bf3d9c88ac1d090 av-link-btn avia-icon_select-no avia-size-medium avia-position-center'   aria-label=\"Formulario de contacto GW-Base 9\"><span class='avia_iconbox_title' >Formulario de contacto GW-Base 9<\/span><\/a><\/div><br \/>\n\n<style type=\"text\/css\" data-created_by=\"avia_inline_auto\" id=\"style-css-av-isvon9-0146899cede5f748ee275034c9c31edc\">\n#top .hr.hr-invisible.av-isvon9-0146899cede5f748ee275034c9c31edc{\nheight:15px;\n}\n<\/style>\n<div  class='hr av-isvon9-0146899cede5f748ee275034c9c31edc hr-invisible  avia-builder-el-7  el_after_av_button  avia-builder-el-last '><span class='hr-inner '><span class=\"hr-inner-style\"><\/span><\/span><\/div><\/p><\/div><\/div><!--close column table wrapper. Autoclose: 1 -->\n<div class='flex_column_table av-1ozm79-27284810c4dd1f01d5b137dca885d14a sc-av_one_full av-equal-height-column-flextable'>\n<style type=\"text\/css\" data-created_by=\"avia_inline_auto\" id=\"style-css-av-1ozm79-27284810c4dd1f01d5b137dca885d14a\">\n#top .flex_column_table.av-equal-height-column-flextable.av-1ozm79-27284810c4dd1f01d5b137dca885d14a{\nmargin-top:20px;\nmargin-bottom:20px;\n}\n.flex_column.av-1ozm79-27284810c4dd1f01d5b137dca885d14a{\nborder-width:2px;\nborder-color:#d8d8d8;\nborder-style:solid;\nborder-radius:5px 5px 5px 5px;\npadding:15px 15px 15px 15px;\nbackground-color:#f7f7f7;\n}\n<\/style>\n<div  class='flex_column av-1ozm79-27284810c4dd1f01d5b137dca885d14a av_one_full  avia-builder-el-8  el_after_av_one_full  el_before_av_one_full  first flex_column_table_cell av-equal-height-column av-align-middle  column-top-margin'     ><section  class='av_textblock_section av-g0tkpx-799a58a0a0e1d4337f565da5e9322c92 '   itemscope=\"itemscope\" itemtype=\"https:\/\/schema.org\/CreativeWork\" ><div class='avia_textblock'  itemprop=\"text\" ><h4 style=\"text-align: left;\"><img loading=\"lazy\" decoding=\"async\" class=\" wp-image-9182 alignnone\" src=\"http:\/\/www.ribeka.com\/wp-content\/uploads\/2016\/10\/GW_Mobil-Logo-rot-RGB-3.png\" alt=\"\" width=\"200\" height=\"48\" \/><\/h4>\n<p><a href=\"https:\/\/play.google.com\/store\/apps\/details?id=com.ribeka.gmobil.beta.classic&amp;gl=DE\"><img loading=\"lazy\" decoding=\"async\" class=\"alignnone wp-image-7939\" src=\"http:\/\/www.ribeka.com\/wp-content\/uploads\/2017\/09\/google-play-badge-en-300x116.png\" alt=\"\" width=\"261\" height=\"101\" \/><\/a><\/p>\n<\/div><\/section><br \/>\n\n<style type=\"text\/css\" data-created_by=\"avia_inline_auto\" id=\"style-css-av-ef4vx1-5c28edc4fd808429a4af8cb164cbb08e\">\n#top .hr.hr-invisible.av-ef4vx1-5c28edc4fd808429a4af8cb164cbb08e{\nheight:15px;\n}\n<\/style>\n<div  class='hr av-ef4vx1-5c28edc4fd808429a4af8cb164cbb08e hr-invisible  avia-builder-el-10  el_after_av_textblock  avia-builder-el-last '><span class='hr-inner '><span class=\"hr-inner-style\"><\/span><\/span><\/div><\/p><\/div><\/div><!--close column table wrapper. Autoclose: 1 --><div class='flex_column_table av-d0u6qd-2fd5d693b99fd24b1b92e71955a4cdfa sc-av_one_full av-equal-height-column-flextable'>\n<style type=\"text\/css\" data-created_by=\"avia_inline_auto\" id=\"style-css-av-d0u6qd-2fd5d693b99fd24b1b92e71955a4cdfa\">\n#top .flex_column_table.av-equal-height-column-flextable.av-d0u6qd-2fd5d693b99fd24b1b92e71955a4cdfa{\nmargin-top:20px;\nmargin-bottom:20px;\n}\n.flex_column.av-d0u6qd-2fd5d693b99fd24b1b92e71955a4cdfa{\nborder-width:2px;\nborder-color:#d8d8d8;\nborder-style:solid;\nborder-radius:5px 5px 5px 5px;\npadding:15px 15px 15px 15px;\nbackground-color:#f7f7f7;\n}\n<\/style>\n<div  class='flex_column av-d0u6qd-2fd5d693b99fd24b1b92e71955a4cdfa av_one_full  avia-builder-el-11  el_after_av_one_full  el_before_av_one_full  first flex_column_table_cell av-equal-height-column av-align-middle  column-top-margin'     ><section  class='av_textblock_section av-b4lhdh-49f9ba574dbddace163e55aed28f1cef '   itemscope=\"itemscope\" itemtype=\"https:\/\/schema.org\/CreativeWork\" ><div class='avia_textblock'  itemprop=\"text\" ><h4 style=\"text-align: left;\"><img loading=\"lazy\" decoding=\"async\" class=\" wp-image-10374 alignnone\" src=\"http:\/\/www.ribeka.com\/wp-content\/uploads\/2017\/12\/GW_Web-Logo-lila-RGB-3.png\" alt=\"\" width=\"200\" height=\"48\" \/><\/h4>\n<p>\n<style type=\"text\/css\" data-created_by=\"avia_inline_auto\" id=\"style-css-av-8pp1x1-0be8b0505807f2f4cda31b771806678d\">\n.av_font_icon.av-8pp1x1-0be8b0505807f2f4cda31b771806678d .av-icon-char{\nfont-size:15px;\nline-height:15px;\n}\n<\/style>\n<span  class='av_font_icon av-8pp1x1-0be8b0505807f2f4cda31b771806678d avia_animate_when_visible av-icon-style- avia-icon-pos-left avia-iconfont avia-font-entypo-fontello av-no-color avia-icon-animate'><span class='av-icon-char' data-av_icon='\ue822' data-av_iconfont='entypo-fontello' aria-hidden=\"true\" ><\/span><\/span>\u00a0<a title=\"Link\" href=\"http:\/\/www.gw-web.ribeka.com\/\" target=\"_blank\" rel=\"noopener\">www.gw-web.ribeka.com<\/a><\/p>\n<p><strong>Nombre de usuario:\u00a0<em>gast1<\/em><\/strong><br \/>\n<strong>Contrase\u00f1a: <em>gast1<\/em><\/strong><\/p>\n<\/div><\/section><br \/>\n\n<style type=\"text\/css\" data-created_by=\"avia_inline_auto\" id=\"style-css-av-7yp1mt-d0a0998f2d0b8a9166bfc919b9c993f9\">\n#top .hr.hr-invisible.av-7yp1mt-d0a0998f2d0b8a9166bfc919b9c993f9{\nheight:15px;\n}\n<\/style>\n<div  class='hr av-7yp1mt-d0a0998f2d0b8a9166bfc919b9c993f9 hr-invisible  avia-builder-el-14  el_after_av_textblock  avia-builder-el-last '><span class='hr-inner '><span class=\"hr-inner-style\"><\/span><\/span><\/div><\/p><\/div><\/div><!--close column table wrapper. Autoclose: 1 --><\/p>\n\n<style type=\"text\/css\" data-created_by=\"avia_inline_auto\" id=\"style-css-av-5ndn8l-89bb4136d6ac3f933cb722602738ac83\">\n.flex_column.av-5ndn8l-89bb4136d6ac3f933cb722602738ac83{\nborder-radius:0px 0px 0px 0px;\npadding:0px 0px 0px 0px;\n}\n<\/style>\n<div  class='flex_column av-5ndn8l-89bb4136d6ac3f933cb722602738ac83 av_one_full  avia-builder-el-15  el_after_av_one_full  avia-builder-el-last  first flex_column_div av-zero-column-padding  column-top-margin'     ><p>\n<style type=\"text\/css\" data-created_by=\"avia_inline_auto\" id=\"style-css-av-42iyol-4aa3e81cb22029ed1d40ffeedb74bf89\">\n#top .hr.hr-invisible.av-42iyol-4aa3e81cb22029ed1d40ffeedb74bf89{\nheight:35px;\n}\n<\/style>\n<div  class='hr av-42iyol-4aa3e81cb22029ed1d40ffeedb74bf89 hr-invisible  avia-builder-el-16  el_before_av_textblock  avia-builder-el-first '><span class='hr-inner '><span class=\"hr-inner-style\"><\/span><\/span><\/div><br \/>\n<section  class='av_textblock_section av-3aevhx-04d5ca7bae7485bd0914ce0325e2ef77 '   itemscope=\"itemscope\" itemtype=\"https:\/\/schema.org\/CreativeWork\" ><div class='avia_textblock'  itemprop=\"text\" ><p><a href=\"http:\/\/www.germanwaterpartnership.de\/\"><img loading=\"lazy\" decoding=\"async\" class=\"wp-image-6838 alignleft\" src=\"http:\/\/www.dev.gw-base.com\/wp-content\/uploads\/2013\/04\/German-Water-Partnership-f\u00fcr-INTERNET-300x104.jpg\" alt=\"\" width=\"124\" height=\"43\" \/><\/a><a href=\"http:\/\/www.deutschlandstipendium.de\/\"><img loading=\"lazy\" decoding=\"async\" class=\"wp-image-6834 alignleft\" src=\"http:\/\/www.dev.gw-base.com\/wp-content\/uploads\/2013\/04\/Deutschland-Stipendium.jpg\" alt=\"\" width=\"95\" height=\"43\" \/><\/a><a href=\"http:\/\/www.geoagentur.de\/\"><img loading=\"lazy\" decoding=\"async\" class=\" wp-image-6830 alignleft\" src=\"http:\/\/www.dev.gw-base.com\/wp-content\/uploads\/2013\/04\/BDG.png\" alt=\"\" width=\"55\" height=\"44\" \/><\/a><img loading=\"lazy\" decoding=\"async\" class=\"wp-image-6842 alignleft\" src=\"http:\/\/www.dev.gw-base.com\/wp-content\/uploads\/2013\/04\/ideas-innovation-prosperity-300x154.png\" alt=\"\" width=\"77\" height=\"39\" \/> <img loading=\"lazy\" decoding=\"async\" class=\"wp-image-6846 alignleft\" src=\"http:\/\/www.dev.gw-base.com\/wp-content\/uploads\/2013\/04\/innovation_durch_forschung.png\" alt=\"\" width=\"49\" height=\"41\" \/><\/p>\n<\/div><\/section><\/p><\/div>\n","protected":false},"excerpt":{"rendered":"","protected":false},"author":3,"featured_media":0,"parent":0,"menu_order":1,"comment_status":"closed","ping_status":"closed","template":"","meta":{"footnotes":""},"class_list":["post-8693","page","type-page","status-publish","hentry"],"_links":{"self":[{"href":"https:\/\/www.ribeka.com\/es\/wp-json\/wp\/v2\/pages\/8693","targetHints":{"allow":["GET"]}}],"collection":[{"href":"https:\/\/www.ribeka.com\/es\/wp-json\/wp\/v2\/pages"}],"about":[{"href":"https:\/\/www.ribeka.com\/es\/wp-json\/wp\/v2\/types\/page"}],"author":[{"embeddable":true,"href":"https:\/\/www.ribeka.com\/es\/wp-json\/wp\/v2\/users\/3"}],"replies":[{"embeddable":true,"href":"https:\/\/www.ribeka.com\/es\/wp-json\/wp\/v2\/comments?post=8693"}],"version-history":[{"count":14,"href":"https:\/\/www.ribeka.com\/es\/wp-json\/wp\/v2\/pages\/8693\/revisions"}],"predecessor-version":[{"id":19154,"href":"https:\/\/www.ribeka.com\/es\/wp-json\/wp\/v2\/pages\/8693\/revisions\/19154"}],"wp:attachment":[{"href":"https:\/\/www.ribeka.com\/es\/wp-json\/wp\/v2\/media?parent=8693"}],"curies":[{"name":"wp","href":"https:\/\/api.w.org\/{rel}","templated":true}]}}