{"id":8443,"date":"2017-09-12T12:12:11","date_gmt":"2017-09-12T10:12:11","guid":{"rendered":"http:\/\/www.dev.gw-base.com\/es\/?page_id=8443"},"modified":"2017-12-15T13:19:25","modified_gmt":"2017-12-15T12:19:25","slug":"servicios","status":"publish","type":"page","link":"https:\/\/www.ribeka.com\/es\/servicios\/","title":{"rendered":"Servicios"},"content":{"rendered":"<div id='layer_slider_1'  class='avia-layerslider main_color avia-shadow  avia-builder-el-0  el_before_av_one_full  avia-builder-el-first  container_wrap sidebar_right'  style='height: 301px; max-width: 1260px; margin: 0 auto;'  ><\/div><div id='after_layer_slider_1'  class='main_color av_default_container_wrap container_wrap sidebar_right'  ><div class='container av-section-cont-open' ><div class='template-page content  av-content-small alpha units'><div class='post-entry post-entry-type-page post-entry-8443'><div class='entry-content-wrapper clearfix'>\n\n<style type=\"text\/css\" data-created_by=\"avia_inline_auto\" id=\"style-css-av-av_one_full-15d750bd1b332b34c6e70b077ebbccdf\">\n.flex_column.av-av_one_full-15d750bd1b332b34c6e70b077ebbccdf{\nborder-radius:0px 0px 0px 0px;\npadding:0px 0px 0px 0px;\n}\n<\/style>\n<div  class='flex_column av-av_one_full-15d750bd1b332b34c6e70b077ebbccdf av_one_full  avia-builder-el-1  el_after_av_layerslider  avia-builder-el-no-sibling  first flex_column_div av-zero-column-padding  '     ><section  class='av_textblock_section av-av_textblock-2de302bf1aa3cf4c9157dbe6f50ac7eb '   itemscope=\"itemscope\" itemtype=\"https:\/\/schema.org\/CreativeWork\" ><div class='avia_textblock'  itemprop=\"text\" ><h3>Consultor\u00eda &#8211; Gestaci\u00f3n de Proyectos &#8211; Desarrollo de Software &#8211; Capacitaciones &#8211; Soluciones<\/h3>\n<p>Nuestras soluciones de sistemas\u00a0se usan en todo el mundo y se encuentran entre los sistemas de gesti\u00f3n de recursos m\u00e1s eficientes y completos. Nuestra larga experiencia en el campo de la hidrogeolog\u00eda y el manejo de agua, garantiza soluciones sostenibles dentro de nuestro enfoque hol\u00edstico.<\/p>\n<h3>Consultor\u00eda<\/h3>\n<p>Nosotros desarrollamos su proyecto de IT, desde el dise\u00f1o conceptual hasta la instalaci\u00f3n del sistema y la capacitaci\u00f3n de usuarios. Brindamos constante asesoramiento y ponemos nuestra experiencia cient\u00edfica a su disponibilidad.<\/p>\n<ul>\n<li>Desarrollo de proyectos<\/li>\n<li>Toma y proceso de datos<\/li>\n<li>Validaci\u00f3n de datos<\/li>\n<li>Desarrolo de proyectos de GIS<\/li>\n<li>Capacitaci\u00f3n<\/li>\n<li>Instalaci\u00f3n y mantenimiento del sistema<\/li>\n<\/ul>\n<h3><\/h3>\n<h3>Desarrollo<\/h3>\n<p>Desde simples bancos de datos hasta aplicaciones de internet complejas, desde recolecci\u00f3n m\u00f3vil de datos hasta aplicaciones de GIS exhaustivas, Ribeka desarrolla siempre una soluci\u00f3n personalizada.<\/p>\n<ul>\n<li>Sistema de bancos de datos<\/li>\n<li>Sistema de informaciones ambientales agua-suelo-aire<\/li>\n<li>Soluciones GIS<\/li>\n<li>Recolecci\u00f3n m\u00f3vil de datos<\/li>\n<li>Soluciones de internet<\/li>\n<li>Soluciones cient\u00edficas de IT<\/li>\n<li>Sistema de manejo de recursos<\/li>\n<\/ul>\n<h3>Gestaci\u00f3n de Proyectos<\/h3>\n<p>Gracias a la s\u00f3lida formaci\u00f3n cient\u00edfica de nuestro equipo interdisciplinario de expertos, somos capaces de dar asesoramiento y direcci\u00f3n a proyectos en el \u00e1mbito del manejo de recursos, que debe acompa\u00f1ar a cada proyecto.<\/p>\n<p>Nuestra amplia experiencia internacional apoya esto de manera efectiva.<\/p>\n<h3>Capacitaciones &#8211; Seminarios<\/h3>\n<p>Naturalmente capacitamos al personal y los participantes de proyecto en el funcionamiento de los instrumentos de monitoreo y aseguramos continuidad para los resultados logrados<\/p>\n<h3>Soluciones<\/h3>\n<p>Buscamos un estrecho contacto con nuestros clientes y es por esto que nos encontramos a menudo en exposiciones, congresos y reuniones nacionales e internacionales. Incluso nuestras exposiciones regulares ofrecen un intenso intercambio de experiencia.<\/p>\n<p><strong>Desea obtener m\u00e1s informaci\u00f3n?<\/strong><br \/>\n<strong> <span id=\"cloak22559\"><a href=\"mailto:info@ribeka.com\">info@ribeka.com<\/a><\/span>\u00a0| Tel\u00e9fono: +49 (0) 2222 990 600<\/strong><br \/>\n<strong> Ll\u00e1menos, con gusto lo atenderemos!<\/strong><\/p>\n<\/div><\/section><\/div>\n","protected":false},"excerpt":{"rendered":"","protected":false},"author":3,"featured_media":0,"parent":0,"menu_order":1,"comment_status":"closed","ping_status":"closed","template":"","meta":{"footnotes":""},"class_list":["post-8443","page","type-page","status-publish","hentry"],"_links":{"self":[{"href":"https:\/\/www.ribeka.com\/es\/wp-json\/wp\/v2\/pages\/8443","targetHints":{"allow":["GET"]}}],"collection":[{"href":"https:\/\/www.ribeka.com\/es\/wp-json\/wp\/v2\/pages"}],"about":[{"href":"https:\/\/www.ribeka.com\/es\/wp-json\/wp\/v2\/types\/page"}],"author":[{"embeddable":true,"href":"https:\/\/www.ribeka.com\/es\/wp-json\/wp\/v2\/users\/3"}],"replies":[{"embeddable":true,"href":"https:\/\/www.ribeka.com\/es\/wp-json\/wp\/v2\/comments?post=8443"}],"version-history":[{"count":6,"href":"https:\/\/www.ribeka.com\/es\/wp-json\/wp\/v2\/pages\/8443\/revisions"}],"predecessor-version":[{"id":10336,"href":"https:\/\/www.ribeka.com\/es\/wp-json\/wp\/v2\/pages\/8443\/revisions\/10336"}],"wp:attachment":[{"href":"https:\/\/www.ribeka.com\/es\/wp-json\/wp\/v2\/media?parent=8443"}],"curies":[{"name":"wp","href":"https:\/\/api.w.org\/{rel}","templated":true}]}}