{"id":8309,"date":"2016-11-18T13:58:40","date_gmt":"2016-11-18T12:58:40","guid":{"rendered":"http:\/\/www.dev.gw-base.com\/es\/?page_id=8309"},"modified":"2019-03-01T11:40:28","modified_gmt":"2019-03-01T10:40:28","slug":"gw-web","status":"publish","type":"page","link":"https:\/\/www.ribeka.com\/es\/gw-web\/","title":{"rendered":"GW-Web\u00ae"},"content":{"rendered":"<div id='layer_slider_1'  class='avia-layerslider main_color avia-shadow  avia-builder-el-0  el_before_av_one_full  avia-builder-el-first  container_wrap sidebar_right'  style='height: 301px; max-width: 1260px; margin: 0 auto;'  ><\/div><div id='after_layer_slider_1'  class='main_color av_default_container_wrap container_wrap sidebar_right'  ><div class='container av-section-cont-open' ><div class='template-page content  av-content-small alpha units'><div class='post-entry post-entry-type-page post-entry-8309'><div class='entry-content-wrapper clearfix'>\n\n<style type=\"text\/css\" data-created_by=\"avia_inline_auto\" id=\"style-css-av-av_one_full-9497bbf8bff73ea4c6992cc17fa9ec36\">\n.flex_column.av-av_one_full-9497bbf8bff73ea4c6992cc17fa9ec36{\nborder-radius:0px 0px 0px 0px;\npadding:0px 0px 0px 0px;\n}\n<\/style>\n<div  class='flex_column av-av_one_full-9497bbf8bff73ea4c6992cc17fa9ec36 av_one_full  avia-builder-el-1  el_after_av_layerslider  el_before_av_one_third  avia-builder-el-first  first flex_column_div av-zero-column-padding  '     ><style type=\"text\/css\" data-created_by=\"avia_inline_auto\" id=\"style-css-av-av_hr-ee2847e2e025ce3d30801259a03f9fd4\">\n#top .hr.hr-invisible.av-av_hr-ee2847e2e025ce3d30801259a03f9fd4{\nheight:10px;\n}\n<\/style>\n<div  class='hr av-av_hr-ee2847e2e025ce3d30801259a03f9fd4 hr-invisible  avia-builder-el-2  avia-builder-el-no-sibling '><span class='hr-inner '><span class=\"hr-inner-style\"><\/span><\/span><\/div><\/div>\n\n<style type=\"text\/css\" data-created_by=\"avia_inline_auto\" id=\"style-css-av-av_one_third-9497bbf8bff73ea4c6992cc17fa9ec36\">\n.flex_column.av-av_one_third-9497bbf8bff73ea4c6992cc17fa9ec36{\nborder-radius:0px 0px 0px 0px;\npadding:0px 0px 0px 0px;\n}\n<\/style>\n<div  class='flex_column av-av_one_third-9497bbf8bff73ea4c6992cc17fa9ec36 av_one_third  avia-builder-el-3  el_after_av_one_full  el_before_av_two_third  first flex_column_div av-zero-column-padding  column-top-margin'     ><style type=\"text\/css\" data-created_by=\"avia_inline_auto\" id=\"style-css-av-av_image-ecf57527a411de624a5ef31cc5a0e4a0\">\n.avia-image-container.av-av_image-ecf57527a411de624a5ef31cc5a0e4a0 img.avia_image{\nbox-shadow:none;\n}\n.avia-image-container.av-av_image-ecf57527a411de624a5ef31cc5a0e4a0 .av-image-caption-overlay-center{\ncolor:#ffffff;\n}\n<\/style>\n<div  class='avia-image-container av-av_image-ecf57527a411de624a5ef31cc5a0e4a0 av-styling- avia-align-left  avia-builder-el-4  avia-builder-el-no-sibling '   itemprop=\"image\" itemscope=\"itemscope\" itemtype=\"https:\/\/schema.org\/ImageObject\" ><div class=\"avia-image-container-inner\"><div class=\"avia-image-overlay-wrap\"><img decoding=\"async\" fetchpriority=\"high\" class='wp-image-11038 avia-img-lazy-loading-not-11038 avia_image ' src=\"https:\/\/www.ribeka.com\/wp-content\/uploads\/2016\/10\/GW_Web-Logo-lila-RGB-2.png\" alt='' title=''  height=\"150\" width=\"522\"  itemprop=\"thumbnailUrl\"  \/><\/div><\/div><\/div><\/div>\n\n<style type=\"text\/css\" data-created_by=\"avia_inline_auto\" id=\"style-css-av-av_two_third-9c1d454dc06f7247226bc4e8f931daae\">\n.flex_column.av-av_two_third-9c1d454dc06f7247226bc4e8f931daae{\nborder-radius:0px 0px 0px 0px;\npadding:0px 0px 0px 0px;\n}\n<\/style>\n<div  class='flex_column av-av_two_third-9c1d454dc06f7247226bc4e8f931daae av_two_third  avia-builder-el-5  el_after_av_one_third  el_before_av_one_full  flex_column_div av-zero-column-padding  column-top-margin'     ><p>\n<style type=\"text\/css\" data-created_by=\"avia_inline_auto\" id=\"style-css-av-av_hr-78ec26b004535f95b26085cbb1d9b6be\">\n#top .hr.hr-invisible.av-av_hr-78ec26b004535f95b26085cbb1d9b6be{\nheight:5px;\n}\n<\/style>\n<div  class='hr av-av_hr-78ec26b004535f95b26085cbb1d9b6be hr-invisible  avia-builder-el-6  el_before_av_textblock  avia-builder-el-first '><span class='hr-inner '><span class=\"hr-inner-style\"><\/span><\/span><\/div><br \/>\n<section  class='av_textblock_section av-av_textblock-2de302bf1aa3cf4c9157dbe6f50ac7eb '   itemscope=\"itemscope\" itemtype=\"https:\/\/schema.org\/CreativeWork\" ><div class='avia_textblock'  itemprop=\"text\" ><h3><span style=\"color: #92278f;\">Datos de monitoreo ambiental, geol\u00f3gico y de agua, disponibles siempre y en cualquier lugar<\/span><\/h3>\n<\/div><\/section><\/p><\/div>\n\n<style type=\"text\/css\" data-created_by=\"avia_inline_auto\" id=\"style-css-av-av_one_full-9497bbf8bff73ea4c6992cc17fa9ec36\">\n.flex_column.av-av_one_full-9497bbf8bff73ea4c6992cc17fa9ec36{\nborder-radius:0px 0px 0px 0px;\npadding:0px 0px 0px 0px;\n}\n<\/style>\n<div  class='flex_column av-av_one_full-9497bbf8bff73ea4c6992cc17fa9ec36 av_one_full  avia-builder-el-8  el_after_av_two_third  el_before_av_one_full  first flex_column_div av-zero-column-padding  column-top-margin'     ><style type=\"text\/css\" data-created_by=\"avia_inline_auto\" id=\"style-css-av-av_hr-5ea7596238ed9f191e6b5e662093052f\">\n#top .hr.hr-invisible.av-av_hr-5ea7596238ed9f191e6b5e662093052f{\nheight:30px;\n}\n<\/style>\n<div  class='hr av-av_hr-5ea7596238ed9f191e6b5e662093052f hr-invisible  avia-builder-el-9  avia-builder-el-no-sibling '><span class='hr-inner '><span class=\"hr-inner-style\"><\/span><\/span><\/div><\/div>\n\n<style type=\"text\/css\" data-created_by=\"avia_inline_auto\" id=\"style-css-av-av_one_full-9497bbf8bff73ea4c6992cc17fa9ec36\">\n.flex_column.av-av_one_full-9497bbf8bff73ea4c6992cc17fa9ec36{\nborder-radius:0px 0px 0px 0px;\npadding:0px 0px 0px 0px;\n}\n<\/style>\n<div  class='flex_column av-av_one_full-9497bbf8bff73ea4c6992cc17fa9ec36 av_one_full  avia-builder-el-10  el_after_av_one_full  el_before_av_two_third  first flex_column_div av-zero-column-padding  column-top-margin'     ><section  class='av_textblock_section av-av_textblock-2de302bf1aa3cf4c9157dbe6f50ac7eb '   itemscope=\"itemscope\" itemtype=\"https:\/\/schema.org\/CreativeWork\" ><div class='avia_textblock'  itemprop=\"text\" ><p>GW-Web es una aplicaci\u00f3n en l\u00ednea para mostrar y compartir datos ambientales y de monitoreo del agua en Internet. GW-Web 9 le permite proporcionar datos de GW-Base 9 de forma segura y sencilla a otros usuarios a trav\u00e9s de Internet. Todo lo que necesita es un navegador web actualizado, como Microsoft Internet Explorer o Mozilla Firefox.<\/p>\n<p>Publique sus datos sistem\u00e1ticamente para grupos de usuarios espec\u00edficos, seg\u00fan la tarea, el nivel de autorizaci\u00f3n y los grupos de inter\u00e9s. De esta forma, puede intercambiar datos en l\u00ednea con socios, informar a un n\u00famero seleccionado de usuarios o proporcionar al p\u00fablico informaci\u00f3n espec\u00edfica. La conexi\u00f3n con sistemas arbitrarios de medici\u00f3n en l\u00ednea hace que sus datos est\u00e9n disponibles en tiempo real.<\/p>\n<p>GW-Web es intuitivo y f\u00e1cil de usar. Es aplicable en todo el mundo y es compatible con todos los navegadores web actuales.<\/p>\n<\/div><\/section><\/div>\n\n<style type=\"text\/css\" data-created_by=\"avia_inline_auto\" id=\"style-css-av-av_two_third-9497bbf8bff73ea4c6992cc17fa9ec36\">\n.flex_column.av-av_two_third-9497bbf8bff73ea4c6992cc17fa9ec36{\nborder-radius:0px 0px 0px 0px;\npadding:0px 0px 0px 0px;\n}\n<\/style>\n<div  class='flex_column av-av_two_third-9497bbf8bff73ea4c6992cc17fa9ec36 av_two_third  avia-builder-el-12  el_after_av_one_full  el_before_av_one_third  first flex_column_div av-zero-column-padding  column-top-margin'     ><\/div>\n\n<style type=\"text\/css\" data-created_by=\"avia_inline_auto\" id=\"style-css-av-av_one_third-9c1d454dc06f7247226bc4e8f931daae\">\n.flex_column.av-av_one_third-9c1d454dc06f7247226bc4e8f931daae{\nborder-radius:0px 0px 0px 0px;\npadding:0px 0px 0px 0px;\n}\n<\/style>\n<div  class='flex_column av-av_one_third-9c1d454dc06f7247226bc4e8f931daae av_one_third  avia-builder-el-13  el_after_av_two_third  el_before_av_one_full  flex_column_div av-zero-column-padding  column-top-margin'     ><section  class='av_textblock_section av-av_textblock-2de302bf1aa3cf4c9157dbe6f50ac7eb '   itemscope=\"itemscope\" itemtype=\"https:\/\/schema.org\/CreativeWork\" ><div class='avia_textblock'  itemprop=\"text\" >\n<style type=\"text\/css\" data-created_by=\"avia_inline_auto\" id=\"style-css-av-av_font_icon-e48140ed22c309d8b59e4312c4f1ad1d\">\n.av_font_icon.av-av_font_icon-e48140ed22c309d8b59e4312c4f1ad1d .av-icon-char{\nfont-size:20px;\nline-height:20px;\n}\n<\/style>\n<span  class='av_font_icon av-av_font_icon-e48140ed22c309d8b59e4312c4f1ad1d avia_animate_when_visible av-icon-style- avia-icon-pos-right avia-iconfont avia-font-entypo-fontello av-no-color avia-icon-animate'><span class='av-icon-char' data-av_icon='\ue8b0' data-av_iconfont='entypo-fontello' aria-hidden=\"true\" ><\/span><\/span>\n<p style=\"text-align: right;\"><a href=\"http:\/\/www.ribeka.com\/wp-content\/uploads\/2017\/11\/GW-Blatt-Web-ES-2017.pdf\" target=\"_blank\" rel=\"noopener noreferrer\">Folleto GW-Web (PDF)<\/a><\/p>\n<\/div><\/section><\/div>\n\n<style type=\"text\/css\" data-created_by=\"avia_inline_auto\" id=\"style-css-av-av_one_full-9497bbf8bff73ea4c6992cc17fa9ec36\">\n.flex_column.av-av_one_full-9497bbf8bff73ea4c6992cc17fa9ec36{\nborder-radius:0px 0px 0px 0px;\npadding:0px 0px 0px 0px;\n}\n<\/style>\n<div  class='flex_column av-av_one_full-9497bbf8bff73ea4c6992cc17fa9ec36 av_one_full  avia-builder-el-16  el_after_av_one_third  el_before_av_one_full  first flex_column_div av-zero-column-padding  column-top-margin'     ><section  class='av_textblock_section av-av_textblock-0366cc7376be6c9e82a3e9cc8987b64f '   itemscope=\"itemscope\" itemtype=\"https:\/\/schema.org\/CreativeWork\" ><div class='avia_textblock'  itemprop=\"text\" ><!-- Carousel Style & Script for  gallery-69e77840b354d -->\r\n\r\n<script type=\"text\/javascript\">\r\n\/\/ <![CDATA[\r\n\/* START --- Image Carousel --- *\/\r\n\r\njQuery(document).ready(function($) {\r\n\r\n    \r\n    $('#icppreloader-gallery-69e77840b354d').fadeOut(300, function() {\r\n        $('#gallery-69e77840b354d').fadeIn(300);\r\n        var slider69e77840b354d = $('#gallery-69e77840b354d').bxSlider({\r\n            auto: true,\r\n            pause: 3000,\r\n            autoHover: true,\r\n            moveSlides: 3,\r\n            minSlides: 3,\r\n            maxSlides: 3,\r\n            slideWidth: 150,\r\n            slideMargin: 10,\r\n            startSlide: 0,\r\n            infiniteLoop: true,\r\n            captions: true,\r\n            captionsMode: 'alt',\r\n            adaptiveHeight: false,\r\n            useCSS: false,\r\n            pager: true,\r\n            easing: 'easeOutSine',\r\n            speed: 2500,\r\n            preloadImages: 'all',\r\n            onSlideBefore: function() {\r\n                                $('#gallery-69e77840b354d .bx-caption').slideUp();\r\n                            },\r\n            onSlideAfter: function($slideElement, oldIndex, newIndex) {\r\n                                slider69e77840b354d.stopAuto();\r\n                slider69e77840b354d.startAuto();\r\n                                $('#gallery-69e77840b354d .bx-caption').slideDown();\r\n                            }\r\n        });\r\n\r\n    });\r\n});\r\n\r\n\/* END --- Image Carousel --- *\/\r\n\r\n\/\/ ]]>\r\n<\/script>\r\n\r\n<style type=\"text\/css\">\r\n.markup-gallery-69e77840b354d .carousel-item img {width: 100%;margin: 0 auto;border:none !important;border-radius: 0px !important;box-shadow:none !important;}.markup-gallery-69e77840b354d .bx-controls-direction a {display: none;}.markup-gallery-69e77840b354d .bx-wrapper:hover .bx-controls-direction a {display: block;}.markup-gallery-69e77840b354d .bx-controls-direction a { display: block !important;}.markup-gallery-69e77840b354d .bx-viewport { height: auto !important;}1<\/style>\r\n\r\n\n\t\t<div id='icppreloader-gallery-69e77840b354d' class='icpsliderpreloader'><\/div><div class='markup-gallery-69e77840b354d'><div style='display:none;' id='gallery-69e77840b354d' class='ghozylab-gallery galleryid-8309 gallery-size-full'><div class='carousel-item'><a   href='https:\/\/www.ribeka.com\/wp-content\/uploads\/2016\/11\/GW-Web.jpg'><img loading=\"lazy\" decoding=\"async\" width=\"800\" height=\"588\" src=\"https:\/\/www.ribeka.com\/wp-content\/uploads\/image_carousel_thumbs\/GW-Web-ndofvmcmyhi3i5haxdhnavnegzrhicg4p5r2ikywyk.jpg\" class=\"attachment-full size-full\" alt=\"\" \/><\/a><\/div><div class='carousel-item'><a   href='https:\/\/www.ribeka.com\/wp-content\/uploads\/2016\/11\/GW-Web-Balkendiagramm.jpg'><img loading=\"lazy\" decoding=\"async\" width=\"682\" height=\"581\" src=\"https:\/\/www.ribeka.com\/wp-content\/uploads\/image_carousel_thumbs\/GW-Web-Balkendiagramm-ndofvp65izlygzd7gwpj0cxs95dl5frbpjpiyeuqfw.jpg\" class=\"attachment-full size-full\" alt=\"\" \/><\/a><\/div><div class='carousel-item'><a   href='https:\/\/www.ribeka.com\/wp-content\/uploads\/2016\/11\/GW-Web-Einzeldiagramme.jpg'><img loading=\"lazy\" decoding=\"async\" width=\"701\" height=\"602\" src=\"https:\/\/www.ribeka.com\/wp-content\/uploads\/image_carousel_thumbs\/GW-Web-Einzeldiagramme-ndofvr1twnoj47ah5xis5cgpfx4bktysdt0hwyry3g.jpg\" class=\"attachment-full size-full\" alt=\"\" \/><\/a><\/div><div class='carousel-item'><a   href='https:\/\/www.ribeka.com\/wp-content\/uploads\/2016\/11\/GW-Web-Profilschnitt.jpg'><img loading=\"lazy\" decoding=\"async\" width=\"800\" height=\"588\" src=\"https:\/\/www.ribeka.com\/wp-content\/uploads\/image_carousel_thumbs\/GW-Web-Profilschnitt-ndofvsxiabr3rf7quyc1abzmmov2086922bgvip5r0.jpg\" class=\"attachment-full size-full\" alt=\"\" \/><\/a><\/div><div class='carousel-item'><a   href='https:\/\/www.ribeka.com\/wp-content\/uploads\/2016\/11\/GW-Web-Sammeldiagramm.jpg'><img loading=\"lazy\" decoding=\"async\" width=\"800\" height=\"638\" src=\"https:\/\/www.ribeka.com\/wp-content\/uploads\/image_carousel_thumbs\/GW-Web-Sammeldiagramm-ndofvut6nztoen50jz5afbijtglsfmdpqbmfu2mdek.jpg\" class=\"attachment-full size-full\" alt=\"\" \/><\/a><\/div><div class='carousel-item'><a   href='https:\/\/www.ribeka.com\/wp-content\/uploads\/2016\/11\/GW-Web-Stammdaten.jpg'><img loading=\"lazy\" decoding=\"async\" width=\"682\" height=\"581\" src=\"https:\/\/www.ribeka.com\/wp-content\/uploads\/image_carousel_thumbs\/GW-Web-Stammdaten-ndofvwov1nw91v2a8zyjkb1h08civ0l6ekxesmjl24.jpg\" class=\"attachment-full size-full\" alt=\"\" \/><\/a><\/div><div class='carousel-item'><a   href='https:\/\/www.ribeka.com\/wp-content\/uploads\/2016\/11\/GW-Web-Wasserstand.jpg'><img loading=\"lazy\" decoding=\"async\" width=\"800\" height=\"481\" src=\"https:\/\/www.ribeka.com\/wp-content\/uploads\/image_carousel_thumbs\/GW-Web-Wasserstand-ndofvykjfbytp2zjy0rspake7039aesn2u8dr6gspo.jpg\" class=\"attachment-full size-full\" alt=\"\" \/><\/a><\/div>\r\n\t\t<\/div><\/div>\n\n<\/div><\/section><\/div>\n\n<style type=\"text\/css\" data-created_by=\"avia_inline_auto\" id=\"style-css-av-av_one_full-9497bbf8bff73ea4c6992cc17fa9ec36\">\n.flex_column.av-av_one_full-9497bbf8bff73ea4c6992cc17fa9ec36{\nborder-radius:0px 0px 0px 0px;\npadding:0px 0px 0px 0px;\n}\n<\/style>\n<div  class='flex_column av-av_one_full-9497bbf8bff73ea4c6992cc17fa9ec36 av_one_full  avia-builder-el-18  el_after_av_one_full  el_before_av_one_full  first flex_column_div av-zero-column-padding  column-top-margin'     ><div  class='tabcontainer av-av_tab_container-0bacd910096d11a3cec6dfb538798966 top_tab  avia-builder-el-19  avia-builder-el-no-sibling '>\n<section class='av_tab_section av_tab_section av-av_tab-b217cf9ae9052208bc498988bfdc02a4'  itemscope=\"itemscope\" itemtype=\"https:\/\/schema.org\/CreativeWork\" ><div id='tab-id-1-tab' class='tab active_tab' role='tab' aria-selected=\"true\" tabindex=\"0\" data-fake-id='#tab-id-1' aria-controls='tab-id-1-content'  itemprop=\"headline\" >Caracter\u00edsticas<\/div><div id='tab-id-1-content' class='tab_content active_tab_content' role='tabpanel' aria-labelledby='tab-id-1-tab' aria-hidden=\"false\"><div class='tab_inner_content invers-color'  itemprop=\"text\" ><ul>\n<li>Visualizaci\u00f3n de todas las estaciones en los mapas de OpenStreetMap<\/li>\n<li>Visualizaci\u00f3n de todos los datos disponibles en GW-Base (datos b\u00e1sicos de la estaci\u00f3n, datos del nivel del agua, datos de an\u00e1lisis, datos de registradores\/dataloggers, datos clim\u00e1ticos, etc.)<\/li>\n<li>Uso de mapas espec\u00edficos del cliente o mapas disponibles gratuitamente (por ejemplo, mediante el uso de los servicios de mapas web)<\/li>\n<li>Leyendas individuales seg\u00fan las categor\u00edas de estaci\u00f3n con s\u00edmbolos de estaci\u00f3n seleccionables<\/li>\n<li>Importaci\u00f3n automatizada de datos de registradores\/dataloggers (disponibilidad inmediata de datos telem\u00e9tricos transferidos)<\/li>\n<li>Visualizaci\u00f3n de datos en tablas, gr\u00e1ficos de series temporales y gr\u00e1ficos de barras<\/li>\n<li>Visualizaci\u00f3n de datos de series temporales optimizados para grandes sets de datos<\/li>\n<li>Diagramas sin\u00f3pticos y colectivos de todos los datos<\/li>\n<li>Indicador de nivel de agua diferenciado por acu\u00edferos en secciones geol\u00f3gicas personalizadas<\/li>\n<li>Visualizaci\u00f3n de fotos de la estaci\u00f3n, registros del di\u00e1metro interior y diagramas de construcci\u00f3n de la estaci\u00f3n<\/li>\n<li>Acceso a la estaci\u00f3n y documentos espec\u00edficos del proyecto (como encuestas, informes)<\/li>\n<li>Visualizaci\u00f3n de mapas de contorno y mapas de \u00e1rea (por ejemplo, mapas de contorno de agua subterr\u00e1nea)<\/li>\n<li>Visualizaci\u00f3n de capas tem\u00e1ticas personalizadas basadas en archivos de formas (por ejemplo, \u00e1reas de protecci\u00f3n del agua o uso de la tierra)<\/li>\n<li>Gesti\u00f3n de alertas, descripci\u00f3n general de las superaciones (o insuficiencias) de valores umbrales personalizados (thresholds) y niveles cr\u00edticos<\/li>\n<li>Conveniente exportaci\u00f3n de datos en formato CSV y Excel<\/li>\n<li>Todos los gr\u00e1ficos y diagramas son imprimibles<\/li>\n<li>Administraci\u00f3n de usuarios y grupos de usuarios con autorizaci\u00f3n de acceso detallada para cada set de datos<\/li>\n<li><\/li>\n<\/ul>\n<\/div><\/div><\/section>\n<section class='av_tab_section av_tab_section av-av_tab-8c51dfd0e08a7bb97b93152f083698a0'  itemscope=\"itemscope\" itemtype=\"https:\/\/schema.org\/CreativeWork\" ><div id='tab-id-2-tab' class='tab' role='tab' aria-selected=\"false\" tabindex=\"0\" data-fake-id='#tab-id-2' aria-controls='tab-id-2-content'  itemprop=\"headline\" >Ventajas<\/div><div id='tab-id-2-content' class='tab_content' role='tabpanel' aria-labelledby='tab-id-2-tab' aria-hidden=\"true\"><div class='tab_inner_content invers-color'  itemprop=\"text\" ><ul>\n<li>Sus datos est\u00e1n disponibles de inmediato y sin conversi\u00f3n adicional<\/li>\n<li>Los datos se pueden recuperar de forma independiente en el lugar y en tiempo real<\/li>\n<li>El acceso a datos y la vista de datos se pueden ajustar de forma expl\u00edcita y definida por el usuario<\/li>\n<li>Los datos seleccionados se pueden compartir con el p\u00fablico<\/li>\n<li>GW-Web utiliza OpenStreet Map como servicio de mapas, por lo tanto, los mapas proporcionados por el cliente no son obligatorios<\/li>\n<li>Solo necesita un navegador web actualizado<\/li>\n<li>Cantidad ilimitada de usuarios<\/li>\n<li>Administraci\u00f3n completa de usuarios<\/li>\n<li>Intuitivo y f\u00e1cil de usar<\/li>\n<\/ul>\n<\/div><\/div><\/section>\n<\/div><\/div>\n\n<style type=\"text\/css\" data-created_by=\"avia_inline_auto\" id=\"style-css-av-av_one_full-9497bbf8bff73ea4c6992cc17fa9ec36\">\n.flex_column.av-av_one_full-9497bbf8bff73ea4c6992cc17fa9ec36{\nborder-radius:0px 0px 0px 0px;\npadding:0px 0px 0px 0px;\n}\n<\/style>\n<div  class='flex_column av-av_one_full-9497bbf8bff73ea4c6992cc17fa9ec36 av_one_full  avia-builder-el-20  el_after_av_one_full  el_before_av_two_third  first flex_column_div av-zero-column-padding  column-top-margin'     ><style type=\"text\/css\" data-created_by=\"avia_inline_auto\" id=\"style-css-av-av_hr-ee2847e2e025ce3d30801259a03f9fd4\">\n#top .hr.hr-invisible.av-av_hr-ee2847e2e025ce3d30801259a03f9fd4{\nheight:10px;\n}\n<\/style>\n<div  class='hr av-av_hr-ee2847e2e025ce3d30801259a03f9fd4 hr-invisible  avia-builder-el-21  avia-builder-el-no-sibling '><span class='hr-inner '><span class=\"hr-inner-style\"><\/span><\/span><\/div><\/div>\n\n<style type=\"text\/css\" data-created_by=\"avia_inline_auto\" id=\"style-css-av-av_two_third-9497bbf8bff73ea4c6992cc17fa9ec36\">\n.flex_column.av-av_two_third-9497bbf8bff73ea4c6992cc17fa9ec36{\nborder-radius:0px 0px 0px 0px;\npadding:0px 0px 0px 0px;\n}\n<\/style>\n<div  class='flex_column av-av_two_third-9497bbf8bff73ea4c6992cc17fa9ec36 av_two_third  avia-builder-el-22  el_after_av_one_full  el_before_av_one_third  first flex_column_div av-zero-column-padding  column-top-margin'     ><article  class='iconbox iconbox_left av-av_icon_box-7cf1e4da4dddaa7485f3535a47a8c323  avia-builder-el-23  avia-builder-el-no-sibling '  itemscope=\"itemscope\" itemtype=\"https:\/\/schema.org\/CreativeWork\" ><div class=\"iconbox_content\"><header class=\"entry-content-header\" aria-label=\"Icon: Instalaci\u00f3n\"><div class='iconbox_icon heading-color avia-iconfont avia-font-entypo-fontello' data-av_icon='\ue81e' data-av_iconfont='entypo-fontello'  ><\/div><h3 class='iconbox_content_title '  itemprop=\"headline\" >Instalaci\u00f3n<\/h3><\/header><div class='iconbox_content_container '  itemprop=\"text\" ><p>Despu\u00e9s de la suscripci\u00f3n al servicio GW-Web, puede elegir una direcci\u00f3n web personalizada (por ejemplo, customer.gw-base.de). Llevamos a cabo la instalaci\u00f3n y administraci\u00f3n t\u00e9cnica de GW-Web para usted.<\/p>\n<p>Obtendr\u00e1 la informaci\u00f3n de inicio de sesi\u00f3n necesaria y podr\u00e1 gestionar y publicar sus datos de GW-Base en GW-Web.<\/p>\n<\/div><\/div><footer class=\"entry-footer\"><\/footer><\/article><\/div>\n\n<style type=\"text\/css\" data-created_by=\"avia_inline_auto\" id=\"style-css-av-av_one_third-9c1d454dc06f7247226bc4e8f931daae\">\n.flex_column.av-av_one_third-9c1d454dc06f7247226bc4e8f931daae{\nborder-radius:0px 0px 0px 0px;\npadding:0px 0px 0px 0px;\n}\n<\/style>\n<div  class='flex_column av-av_one_third-9c1d454dc06f7247226bc4e8f931daae av_one_third  avia-builder-el-24  el_after_av_two_third  el_before_av_one_full  flex_column_div av-zero-column-padding  column-top-margin'     ><style type=\"text\/css\" data-created_by=\"avia_inline_auto\" id=\"style-css-av-av_textblock-81c89919587bc4846f5b4ff17a3efc6f\">\n#top .av_textblock_section.av-av_textblock-81c89919587bc4846f5b4ff17a3efc6f .avia_textblock{\ncolor:#92278f;\n}\n<\/style>\n<section  class='av_textblock_section av-av_textblock-81c89919587bc4846f5b4ff17a3efc6f '   itemscope=\"itemscope\" itemtype=\"https:\/\/schema.org\/CreativeWork\" ><div class='avia_textblock av_inherit_color'  itemprop=\"text\" ><h3><span style=\"color: #92278f;\">Pruebe aqui:<\/span><\/h3>\n<p><a title=\"Link\" href=\"http:\/\/www.gw-web.ribeka.com\/\" target=\"_blank\" rel=\"noopener noreferrer\"><img loading=\"lazy\" decoding=\"async\" src=\"http:\/\/www.dev.gw-base.com\/images\/icons2\/gkLinks.png\" alt=\"gkLinks\" width=\"20\" height=\"20\" \/>www.gw-web.ribeka.com<\/a><\/p>\n<p><strong>Nombre de usuario:\u00a0<em>gast1<\/em><\/strong><br \/>\n<strong>Contrase\u00f1a:\u00a0<em>gast1<\/em><\/strong><\/p>\n<\/div><\/section><\/div>\n\n<style type=\"text\/css\" data-created_by=\"avia_inline_auto\" id=\"style-css-av-av_one_full-9497bbf8bff73ea4c6992cc17fa9ec36\">\n.flex_column.av-av_one_full-9497bbf8bff73ea4c6992cc17fa9ec36{\nborder-radius:0px 0px 0px 0px;\npadding:0px 0px 0px 0px;\n}\n<\/style>\n<div  class='flex_column av-av_one_full-9497bbf8bff73ea4c6992cc17fa9ec36 av_one_full  avia-builder-el-26  el_after_av_one_third  avia-builder-el-last  first flex_column_div av-zero-column-padding  column-top-margin'     ><p>\n<style type=\"text\/css\" data-created_by=\"avia_inline_auto\" id=\"style-css-av-av_hr-9a4b51fdc01b8b13bd201ffe5054f031\">\n#top .hr.hr-invisible.av-av_hr-9a4b51fdc01b8b13bd201ffe5054f031{\nheight:35px;\n}\n<\/style>\n<div  class='hr av-av_hr-9a4b51fdc01b8b13bd201ffe5054f031 hr-invisible  avia-builder-el-27  el_before_av_textblock  avia-builder-el-first '><span class='hr-inner '><span class=\"hr-inner-style\"><\/span><\/span><\/div><br \/>\n<section  class='av_textblock_section av-jspxfdi8-0e4c1df83e9bfe7ea7604c456c380e2d '   itemscope=\"itemscope\" itemtype=\"https:\/\/schema.org\/CreativeWork\" ><div class='avia_textblock'  itemprop=\"text\" ><p><a href=\"https:\/\/www.germanwaterpartnership.de\/\"><img loading=\"lazy\" decoding=\"async\" class=\"wp-image-6838 alignleft\" src=\"https:\/\/www.ribeka.com\/wp-content\/uploads\/2013\/04\/German-Water-Partnership-f\u00fcr-INTERNET-300x104.jpg\" alt=\"\" width=\"124\" height=\"43\" \/><\/a><img loading=\"lazy\" decoding=\"async\" class=\"wp-image-6834 alignleft\" src=\"https:\/\/www.ribeka.com\/wp-content\/uploads\/2013\/04\/Deutschland-Stipendium.jpg\" alt=\"\" width=\"95\" height=\"43\" \/><a href=\"https:\/\/www.geoagentur.de\/\"><img loading=\"lazy\" decoding=\"async\" class=\" wp-image-6830 alignleft\" src=\"https:\/\/www.ribeka.com\/wp-content\/uploads\/2013\/04\/BDG.png\" alt=\"\" width=\"55\" height=\"44\" \/><\/a><img loading=\"lazy\" decoding=\"async\" class=\"wp-image-6842 alignleft\" src=\"https:\/\/www.ribeka.com\/wp-content\/uploads\/2013\/04\/ideas-innovation-prosperity-300x154.png\" alt=\"\" width=\"77\" height=\"39\" \/> <img loading=\"lazy\" decoding=\"async\" class=\"wp-image-6846 alignleft\" src=\"https:\/\/www.ribeka.com\/wp-content\/uploads\/2013\/04\/innovation_durch_forschung.png\" alt=\"\" width=\"49\" height=\"41\" \/><\/p>\n<\/div><\/section><\/p><\/div>\n","protected":false},"excerpt":{"rendered":"","protected":false},"author":3,"featured_media":0,"parent":0,"menu_order":2,"comment_status":"closed","ping_status":"closed","template":"","meta":{"footnotes":""},"class_list":["post-8309","page","type-page","status-publish","hentry"],"_links":{"self":[{"href":"https:\/\/www.ribeka.com\/es\/wp-json\/wp\/v2\/pages\/8309","targetHints":{"allow":["GET"]}}],"collection":[{"href":"https:\/\/www.ribeka.com\/es\/wp-json\/wp\/v2\/pages"}],"about":[{"href":"https:\/\/www.ribeka.com\/es\/wp-json\/wp\/v2\/types\/page"}],"author":[{"embeddable":true,"href":"https:\/\/www.ribeka.com\/es\/wp-json\/wp\/v2\/users\/3"}],"replies":[{"embeddable":true,"href":"https:\/\/www.ribeka.com\/es\/wp-json\/wp\/v2\/comments?post=8309"}],"version-history":[{"count":19,"href":"https:\/\/www.ribeka.com\/es\/wp-json\/wp\/v2\/pages\/8309\/revisions"}],"predecessor-version":[{"id":12139,"href":"https:\/\/www.ribeka.com\/es\/wp-json\/wp\/v2\/pages\/8309\/revisions\/12139"}],"wp:attachment":[{"href":"https:\/\/www.ribeka.com\/es\/wp-json\/wp\/v2\/media?parent=8309"}],"curies":[{"name":"wp","href":"https:\/\/api.w.org\/{rel}","templated":true}]}}